{"id":342,"date":"2025-02-18T11:08:54","date_gmt":"2025-02-18T11:08:54","guid":{"rendered":"https:\/\/ralphvonkaufmann.com\/?page_id=342"},"modified":"2026-04-05T17:56:28","modified_gmt":"2026-04-05T17:56:28","slug":"about-licht-radierung","status":"publish","type":"page","link":"https:\/\/ralphvonkaufmann.com\/en\/about-licht-radierung\/","title":{"rendered":"about licht radierung"},"content":{"rendered":"<div style=\"height:2rem\" aria-hidden=\"true\" class=\"wp-block-spacer\"><\/div>\n\n\n\n<div class=\"gb-element-287a7ba4\">\n<div class=\"wp-block-columns is-layout-flex wp-container-core-columns-is-layout-28f84493 wp-block-columns-is-layout-flex\">\n<div class=\"wp-block-column is-layout-flow wp-block-column-is-layout-flow\">\n<figure class=\"wp-block-image alignwide size-medium\"><img loading=\"lazy\" decoding=\"async\" width=\"300\" height=\"300\" src=\"https:\/\/ralphvonkaufmann.com\/wp-content\/uploads\/2025\/02\/tiefdruck3-300x300.jpg\" alt=\"\" class=\"wp-image-338\" srcset=\"https:\/\/ralphvonkaufmann.com\/wp-content\/uploads\/2025\/02\/tiefdruck3-300x300.jpg 300w, https:\/\/ralphvonkaufmann.com\/wp-content\/uploads\/2025\/02\/tiefdruck3-150x150.jpg 150w, https:\/\/ralphvonkaufmann.com\/wp-content\/uploads\/2025\/02\/tiefdruck3.jpg 413w\" sizes=\"auto, (max-width: 300px) 100vw, 300px\" \/><\/figure>\n<\/div>\n\n\n\n<div class=\"wp-block-column is-layout-flow wp-block-column-is-layout-flow\">\n<figure class=\"wp-block-image alignwide size-medium\"><img loading=\"lazy\" decoding=\"async\" width=\"300\" height=\"300\" src=\"https:\/\/ralphvonkaufmann.com\/wp-content\/uploads\/2025\/02\/tiefdruck2-300x300.jpg\" alt=\"\" class=\"wp-image-337\" srcset=\"https:\/\/ralphvonkaufmann.com\/wp-content\/uploads\/2025\/02\/tiefdruck2-300x300.jpg 300w, https:\/\/ralphvonkaufmann.com\/wp-content\/uploads\/2025\/02\/tiefdruck2-150x150.jpg 150w, https:\/\/ralphvonkaufmann.com\/wp-content\/uploads\/2025\/02\/tiefdruck2.jpg 413w\" sizes=\"auto, (max-width: 300px) 100vw, 300px\" \/><\/figure>\n<\/div>\n\n\n\n<div class=\"wp-block-column is-layout-flow wp-block-column-is-layout-flow\">\n<figure class=\"wp-block-image alignwide size-medium\"><img loading=\"lazy\" decoding=\"async\" width=\"300\" height=\"298\" src=\"https:\/\/ralphvonkaufmann.com\/wp-content\/uploads\/2025\/02\/tiefdruck1-300x298.jpg\" alt=\"\" class=\"wp-image-336\" srcset=\"https:\/\/ralphvonkaufmann.com\/wp-content\/uploads\/2025\/02\/tiefdruck1-300x298.jpg 300w, https:\/\/ralphvonkaufmann.com\/wp-content\/uploads\/2025\/02\/tiefdruck1-150x150.jpg 150w, https:\/\/ralphvonkaufmann.com\/wp-content\/uploads\/2025\/02\/tiefdruck1.jpg 413w\" sizes=\"auto, (max-width: 300px) 100vw, 300px\" \/><\/figure>\n<\/div>\n<\/div>\n<\/div>\n\n\n\n<div style=\"height:2rem\" aria-hidden=\"true\" class=\"wp-block-spacer\"><\/div>\n\n\n\n<div class=\"gb-element-99f2678e\">\n<h2 class=\"wp-block-heading has-text-align-center\">The Vintage Look<\/h2>\n\n\n\n<p>His photogravures are a symbiosis of classic etching and photography. Each print on the copperplate paper is unique. The application of the copperplate oil colour, the rubbing of the etching plate with gauze and the printing on the etching press are carried out by hand for each print, just as with copperplate engraving.<\/p>\n\n\n\n<p>Ralph began his first experiments in photogravure after reading an article in a trade journal about the New York photographer Peter Liepke, which aroused his curiosity. Peter Liepke first produced platinum\/palladium prints or gum prints from his New York photographs, and then had a \u2018Special Photogravure Edition\u2019 printed on the etching press.<\/p>\n\n\n\n<p id=\"paragraph-c930fd0\">As a photographer, Ralph had already been working exclusively digitally for many years. However, he did not want to return to the analogue darkroom with all its photochemistry. The classic heliogravure process, in which a photographic motif is etched into the copper plate using acid, was also out of the question for him. So he looked for a way to combine his photography with photogravure. In the process, Ralph became aware of the still very new technique of photopolymer gravure printing. It took him a year and many experiments before he was able to print the first light etching the way he wanted it. The artist learnt intaglio printing with copper plate, oil paint and etching press from the artist and printmaker Sven Wohlgemuth in Hamburg.<\/p>\n\n\n\n<p id=\"paragraph-c930fd0\">Am Anfang der Licht-Radierung steht die Photographie. Alle Motive sind eigene Photographien, in denen viele Erfahrungen als Photograph und eine lebenslange Passion f\u00fcr die s\/w Photographie hineinflie\u00dfen. Das Photographieren ist eine strenge konzeptionelle Selektion, in der er schon die Umsetzung in ein s\/w Bild und den sp\u00e4teren Druckproze\u00df antizipiert und so nur sehr wenige ausdrucksstarke Kompositionen den Weg in die Licht-Radierung finden. Jede Licht-Radierung entsteht aus einer einzelnen analogen oder digitalen Aufnahme ohne jede Art von digitaler Bildmontage, HDR, CGI oder KI.<\/p>\n\n\n\n<p>Bei der Intagliotypie Radiertechnik handelt es sich um ein \u201eNon-Toxic Intaglio Printmaking\u201c: Anstatt direkt in die Kupferplatte mit giftiger S\u00e4ure zu \u00e4tzen wie bei der Heliograv\u00fcre, wird auf die Platte mit Wasser eine lichtempfindliche und weiche Photopolymerschicht aufgerakelt. Nach der Trocknung ist die Druckplatte bereit f\u00fcr die Belichtung mit dem Motiv. Das Motiv, das zuvor auf eine transparente Folie \u00fcbertragen wurde, wird dann mit Licht in die lichtempfindliche Schicht gebrannt. Farbe auf der Vorlage sperrt das Licht und dort bleibt der Photopolymer weich. Diese unbelichteten weichen Bereiche werden in einem Sodabad herausgel\u00f6st und in diese Vertiefungen wird die Tiefdruck\u00f6lfarbe hineingerieben. F\u00fcr die Belichtung der Platte verwendet Ralph einen Kontaktkopierer aus analogen Zeiten der Firma Theimer aus den 1980er Jahren. In diesem Ger\u00e4t sind ein 1000 Watt UV-Strahler und ein schwerer Vakuumrahmen verbaut.<\/p>\n\n\n\n<p>Before the intaglio plate can be rubbed with the oil colour, the soft unexposed polymer must be removed from the plate. To do this, the exposed plate is briefly placed in a bowl of washing suds or washing soda. The alkaline soda dissolves the soft polymer out of the wells. After a short intermediate soaking, the polymer layer with the indentations is fixed and hardened in an acidic vinegar bath.<\/p>\n\n\n\n<p>The subsequent print on paper is identical to the traditional copperplate engraving and the classic etching. The printing plate is rubbed with oil colour and carefully wiped out by hand in many passes with wiping gauze until the oil colour is only in the indentations. Once the plate is ready for printing, it is placed on the printing table of the etching press. A damp copperplate paper is carefully placed over it, the whole thing is covered with a printing felt and together the printing plate and copperplate paper are moved through the rollers of the etching press using a large flywheel. The pressure of the steel rollers, which weighs several tonnes, the moisture in the copper printing paper and the felt mat transfer the oil-based ink from the indentations in the printing plate to the paper. The print is complete. For each additional print, the printing plate is rubbed again with oil colour and wiped with gauze.<\/p>\n\n\n\n<p>As the indentations are not etched into the copper plate with acid as with heliogravure, but are exposed in the photopolymer layer above it, the copper plate can be reused for other motifs after the edition has been printed. The photopolymer is removed from the copper plate by soaking it for a long time in a bath of washing suds.<\/p>\n\n\n\n<p>F\u00fcr die Tiefdrucke verwendet Ralph ein Kupferdruckpapier von Hahnem\u00fchle. Das Echt-B\u00fctten Papier f\u00fcr k\u00fcnstlerische Drucktechniken wird in Einzelb\u00f6gen auf einer Rundsiebpapiermaschine hergestellt. Es ist s\u00e4urefrei und alterungsbest\u00e4ndig. Bei allen Radierungen handelt es sich um vom K\u00fcnstler selbst angefertigte Originalgrafiken.<\/p>\n<\/div>\n\n\n\n<div style=\"height:3rem\" aria-hidden=\"true\" class=\"wp-block-spacer\"><\/div>\n\n\n\n<hr class=\"wp-block-separator has-text-color has-palette-color-5-color has-alpha-channel-opacity has-palette-color-5-background-color has-background is-style-wide\"\/>\n\n\n\n<div class=\"gb-element-68c92468\">\n<div class=\"wp-block-columns is-layout-flex wp-container-core-columns-is-layout-28f84493 wp-block-columns-is-layout-flex\">\n<div class=\"wp-block-column is-vertically-aligned-center is-layout-flow wp-block-column-is-layout-flow\">\n<div class=\"gb-element-dc455206\">\n<h3 class=\"wp-block-heading has-text-align-right has-medium-font-size\">Share the page with others<\/h3>\n\n\n<div class=\"ct-block-wrapper\">\n<div class=\"ct-shares-block\" style=\"--theme-icon-size:30px;--items-spacing:10px;\">\n\t\t<div class=\"ct-share-box\" data-type=\"type-3\" >\n\t\t\t\n\t\t\t<div data-icons-type=\"simple\" data-color=\"default\">\n\t\t\t\t\t\t\t\n\t\t\t\t<a href=\"https:\/\/www.facebook.com\/sharer\/sharer.php?u=https%3A%2F%2Fralphvonkaufmann.com%2Fen%2Fabout-licht-radierung%2F\" data-network=\"facebook\" aria-label=\"Facebook\" rel=\"noopener noreferrer nofollow\">\n\t\t\t\t\t<span class=\"ct-icon-container\">\n\t\t\t\t\t<svg\n\t\t\t\t\twidth=\"20px\"\n\t\t\t\t\theight=\"20px\"\n\t\t\t\t\tviewbox=\"0 0 20 20\"\n\t\t\t\t\taria-hidden=\"true\">\n\t\t\t\t\t\t<path d=\"M20,10.1c0-5.5-4.5-10-10-10S0,4.5,0,10.1c0,5,3.7,9.1,8.4,9.9v-7H5.9v-2.9h2.5V7.9C8.4,5.4,9.9,4,12.2,4c1.1,0,2.2,0.2,2.2,0.2v2.5h-1.3c-1.2,0-1.6,0.8-1.6,1.6v1.9h2.8L13.9,13h-2.3v7C16.3,19.2,20,15.1,20,10.1z\"\/>\n\t\t\t\t\t<\/svg>\n\t\t\t\t<\/span>\t\t\t\t<\/a>\n\t\t\t\t\t\t\t\n\t\t\t\t<a href=\"#\" data-network=\"pinterest\" aria-label=\"Pinterest\" rel=\"noopener noreferrer nofollow\">\n\t\t\t\t\t<span class=\"ct-icon-container\">\n\t\t\t\t\t<svg\n\t\t\t\t\twidth=\"20px\"\n\t\t\t\t\theight=\"20px\"\n\t\t\t\t\tviewbox=\"0 0 20 20\"\n\t\t\t\t\taria-hidden=\"true\">\n\t\t\t\t\t\t<path d=\"M10,0C4.5,0,0,4.5,0,10c0,4.1,2.5,7.6,6,9.2c0-0.7,0-1.5,0.2-2.3c0.2-0.8,1.3-5.4,1.3-5.4s-0.3-0.6-0.3-1.6c0-1.5,0.9-2.6,1.9-2.6c0.9,0,1.3,0.7,1.3,1.5c0,0.9-0.6,2.3-0.9,3.5c-0.3,1.1,0.5,1.9,1.6,1.9c1.9,0,3.2-2.4,3.2-5.3c0-2.2-1.5-3.8-4.2-3.8c-3,0-4.9,2.3-4.9,4.8c0,0.9,0.3,1.5,0.7,2C6,12,6.1,12.1,6,12.4c0,0.2-0.2,0.6-0.2,0.8c-0.1,0.3-0.3,0.3-0.5,0.3c-1.4-0.6-2-2.1-2-3.8c0-2.8,2.4-6.2,7.1-6.2c3.8,0,6.3,2.8,6.3,5.7c0,3.9-2.2,6.9-5.4,6.9c-1.1,0-2.1-0.6-2.4-1.2c0,0-0.6,2.3-0.7,2.7c-0.2,0.8-0.6,1.5-1,2.1C8.1,19.9,9,20,10,20c5.5,0,10-4.5,10-10C20,4.5,15.5,0,10,0z\"\/>\n\t\t\t\t\t<\/svg>\n\t\t\t\t<\/span>\t\t\t\t<\/a>\n\t\t\t\t\t\t\t\n\t\t\t\t<a href=\"https:\/\/www.linkedin.com\/shareArticle?url=https%3A%2F%2Fralphvonkaufmann.com%2Fen%2Fabout-licht-radierung%2F&amp;title=about%20licht%20radierung\" data-network=\"linkedin\" aria-label=\"LinkedIn\" rel=\"noopener noreferrer nofollow\">\n\t\t\t\t\t<span class=\"ct-icon-container\">\n\t\t\t\t\t<svg\n\t\t\t\t\twidth=\"20px\"\n\t\t\t\t\theight=\"20px\"\n\t\t\t\t\tviewbox=\"0 0 20 20\"\n\t\t\t\t\taria-hidden=\"true\">\n\t\t\t\t\t\t<path d=\"M18.6,0H1.4C0.6,0,0,0.6,0,1.4v17.1C0,19.4,0.6,20,1.4,20h17.1c0.8,0,1.4-0.6,1.4-1.4V1.4C20,0.6,19.4,0,18.6,0z M6,17.1h-3V7.6h3L6,17.1L6,17.1zM4.6,6.3c-1,0-1.7-0.8-1.7-1.7s0.8-1.7,1.7-1.7c0.9,0,1.7,0.8,1.7,1.7C6.3,5.5,5.5,6.3,4.6,6.3z M17.2,17.1h-3v-4.6c0-1.1,0-2.5-1.5-2.5c-1.5,0-1.8,1.2-1.8,2.5v4.7h-3V7.6h2.8v1.3h0c0.4-0.8,1.4-1.5,2.8-1.5c3,0,3.6,2,3.6,4.5V17.1z\"\/>\n\t\t\t\t\t<\/svg>\n\t\t\t\t<\/span>\t\t\t\t<\/a>\n\t\t\t\t\t\t\t\n\t\t\t\t<a href=\"https:\/\/reddit.com\/submit?url=https%3A%2F%2Fralphvonkaufmann.com%2Fen%2Fabout-licht-radierung%2F&amp;title=about%20licht%20radierung\" data-network=\"reddit\" aria-label=\"Reddit\" rel=\"noopener noreferrer nofollow\">\n\t\t\t\t\t<span class=\"ct-icon-container\">\n\t\t\t\t\t<svg\n\t\t\t\t\twidth=\"20px\"\n\t\t\t\t\theight=\"20px\"\n\t\t\t\t\tviewbox=\"0 0 20 20\"\n\t\t\t\t\taria-hidden=\"true\">\n\t\t\t\t\t\t<path d=\"M11.7,0.9c-0.9,0-2,0.7-2.1,3.9c0.1,0,0.3,0,0.4,0c0.2,0,0.3,0,0.5,0c0.1-1.9,0.6-3.1,1.3-3.1c0.3,0,0.5,0.2,0.8,0.5c0.4,0.4,0.9,0.9,1.8,1.1c0-0.1,0-0.2,0-0.4c0-0.2,0-0.4,0.1-0.5c-0.6-0.2-0.9-0.5-1.2-0.8C12.8,1.3,12.4,0.9,11.7,0.9z M16.9,1.3c-1,0-1.7,0.8-1.7,1.7s0.8,1.7,1.7,1.7s1.7-0.8,1.7-1.7S17.9,1.3,16.9,1.3z M10,5.7c-5.3,0-9.5,2.7-9.5,6.5s4.3,6.9,9.5,6.9s9.5-3.1,9.5-6.9S15.3,5.7,10,5.7z M2.4,6.1c-0.6,0-1.2,0.3-1.7,0.7C0,7.5-0.2,8.6,0.2,9.5C0.9,8.2,2,7.1,3.5,6.3C3.1,6.2,2.8,6.1,2.4,6.1z M17.6,6.1c-0.4,0-0.7,0.1-1.1,0.3c1.5,0.8,2.6,1.9,3.2,3.2c0.4-0.9,0.3-2-0.5-2.7C18.8,6.3,18.2,6.1,17.6,6.1z M6.5,9.6c0.7,0,1.3,0.6,1.3,1.3s-0.6,1.3-1.3,1.3s-1.3-0.6-1.3-1.3S5.8,9.6,6.5,9.6z M13.5,9.6c0.7,0,1.3,0.6,1.3,1.3s-0.6,1.3-1.3,1.3s-1.3-0.6-1.3-1.3S12.8,9.6,13.5,9.6z M6.1,14.3c0.1,0,0.2,0.1,0.3,0.2c0,0.1,1.1,1.4,3.6,1.4c2.6,0,3.6-1.4,3.6-1.4c0.1-0.2,0.4-0.2,0.6-0.1c0.2,0.1,0.2,0.4,0.1,0.6c-0.1,0.1-1.3,1.8-4.3,1.8c-3,0-4.2-1.7-4.3-1.8c-0.1-0.2-0.1-0.5,0.1-0.6C5.9,14.4,6,14.3,6.1,14.3z\"\/>\n\t\t\t\t\t<\/svg>\n\t\t\t\t<\/span>\t\t\t\t<\/a>\n\t\t\t\t\t\t\t\n\t\t\t\t<a href=\"whatsapp:\/\/send?text=https%3A%2F%2Fralphvonkaufmann.com%2Fen%2Fabout-licht-radierung%2F\" data-network=\"whatsapp\" aria-label=\"WhatsApp\" rel=\"noopener noreferrer nofollow\">\n\t\t\t\t\t<span class=\"ct-icon-container\">\n\t\t\t\t\t<svg\n\t\t\t\t\twidth=\"20px\"\n\t\t\t\t\theight=\"20px\"\n\t\t\t\t\tviewbox=\"0 0 20 20\"\n\t\t\t\t\taria-hidden=\"true\">\n\t\t\t\t\t\t<path d=\"M10,0C4.5,0,0,4.5,0,10c0,1.9,0.5,3.6,1.4,5.1L0.1,20l5-1.3C6.5,19.5,8.2,20,10,20c5.5,0,10-4.5,10-10S15.5,0,10,0zM6.6,5.3c0.2,0,0.3,0,0.5,0c0.2,0,0.4,0,0.6,0.4c0.2,0.5,0.7,1.7,0.8,1.8c0.1,0.1,0.1,0.3,0,0.4C8.3,8.2,8.3,8.3,8.1,8.5C8,8.6,7.9,8.8,7.8,8.9C7.7,9,7.5,9.1,7.7,9.4c0.1,0.2,0.6,1.1,1.4,1.7c0.9,0.8,1.7,1.1,2,1.2c0.2,0.1,0.4,0.1,0.5-0.1c0.1-0.2,0.6-0.7,0.8-1c0.2-0.2,0.3-0.2,0.6-0.1c0.2,0.1,1.4,0.7,1.7,0.8s0.4,0.2,0.5,0.3c0.1,0.1,0.1,0.6-0.1,1.2c-0.2,0.6-1.2,1.1-1.7,1.2c-0.5,0-0.9,0.2-3-0.6c-2.5-1-4.1-3.6-4.2-3.7c-0.1-0.2-1-1.3-1-2.6c0-1.2,0.6-1.8,0.9-2.1C6.1,5.4,6.4,5.3,6.6,5.3z\"\/>\n\t\t\t\t\t<\/svg>\n\t\t\t\t<\/span>\t\t\t\t<\/a>\n\t\t\t\t\t\t\t\n\t\t\t\t<a href=\"mailto:?subject=about%20licht%20radierung&amp;body=https%3A%2F%2Fralphvonkaufmann.com%2Fen%2Fabout-licht-radierung%2F\" data-network=\"email\" aria-label=\"Email\" rel=\"noopener noreferrer nofollow\">\n\t\t\t\t\t<span class=\"ct-icon-container\">\n\t\t\t\t\t<svg\n\t\t\t\t\twidth=\"20\"\n\t\t\t\t\theight=\"20\"\n\t\t\t\t\tviewbox=\"0 0 20 20\"\n\t\t\t\t\taria-hidden=\"true\">\n\t\t\t\t\t\t<path d=\"M10,10.1L0,4.7C0.1,3.2,1.4,2,3,2h14c1.6,0,2.9,1.2,3,2.8L10,10.1z M10,11.8c-0.1,0-0.2,0-0.4-0.1L0,6.4V15c0,1.7,1.3,3,3,3h4.9h4.3H17c1.7,0,3-1.3,3-3V6.4l-9.6,5.2C10.2,11.7,10.1,11.7,10,11.8z\"\/>\n\t\t\t\t\t<\/svg>\n\t\t\t\t<\/span>\t\t\t\t<\/a>\n\t\t\t\t\t\t\t\n\t\t\t\t<a href=\"https:\/\/threads.net\/intent\/post?text=https%3A%2F%2Fralphvonkaufmann.com%2Fen%2Fabout-licht-radierung%2F\" data-network=\"threads\" aria-label=\"Threads\" rel=\"noopener noreferrer nofollow\">\n\t\t\t\t\t<span class=\"ct-icon-container\">\n\t\t\t\t\t<svg\n\t\t\t\t\twidth=\"20\"\n\t\t\t\t\theight=\"20\"\n\t\t\t\t\tviewbox=\"0 0 20 20\"\n\t\t\t\t\taria-hidden=\"true\">\n\t\t\t\t\t\t<path d=\"M10.7 10.2c.5 0 1 .1 1.5.2-.1 1.1-.5 2.2-1.9 2.3-.6 0-1.1-.1-1.5-.5-.2-.2-.3-.4-.3-.9 0-.3.2-.6.5-.8.5-.2 1-.3 1.7-.3zM20 10c0 4.8 0 7.3-1.4 8.6C17.3 20 14.8 20 10 20s-7.3 0-8.6-1.4C0 17.3 0 14.8 0 10c0-4.9 0-7.3 1.4-8.6C2.7 0 5.1 0 10 0c4.9 0 7.3 0 8.6 1.4C20 2.7 20 5.2 20 10zM6.4 5.2c.9-.9 2.1-1.4 3.8-1.4 3.7 0 4.8 2.6 5 3.7l1.3-.3c-.3-1.1-1.6-4.7-6.3-4.7-2 0-3.5.6-4.7 1.8-1.3 1.4-2 3.5-1.9 6.2.1 4.4 2.6 7 6.5 7 3.3 0 5.7-1.9 5.7-4.5 0-1.7-.8-2.9-2.4-3.6-.2-2.4-1.6-3.3-3-3.4-2.2-.1-3 1.4-3.1 1.5l1.1.6s.5-.9 1.9-.8c.6 0 1.5.3 1.7 1.7-1.4-.3-2.8-.1-3.7.4-.6.4-1 1-1.1 1.7-.1.7.1 1.4.6 1.9.6.6 1.5 1 2.5.9 1.7-.1 2.7-1.3 3-3.1.8.5 1.1 1.1 1.1 2.2 0 1.8-1.9 3.2-4.4 3.2-4.6 0-5.2-4-5.2-5.7 0-1.7.2-3.9 1.6-5.3z\"\/>\n\t\t\t\t\t<\/svg>\n\t\t\t\t<\/span>\t\t\t\t<\/a>\n\t\t\t\t\t\t\t\n\t\t\t\t<a href=\"https:\/\/bsky.app\/intent\/compose?text=https%3A%2F%2Fralphvonkaufmann.com%2Fen%2Fabout-licht-radierung%2F\" data-network=\"bluesky\" aria-label=\"Bluesky\" rel=\"noopener noreferrer nofollow\">\n\t\t\t\t\t<span class=\"ct-icon-container\">\n\t\t\t\t\t<svg\n\t\t\t\t\twidth=\"20\"\n\t\t\t\t\theight=\"20\"\n\t\t\t\t\tviewbox=\"0 0 20 20\"\n\t\t\t\t\taria-hidden=\"true\">\n\t\t\t\t\t\t<path d=\"M4.3 2.4C6.6 4.1 9.1 7.6 10 9.5v5c0-.1 0 0-.1.3-.5 1.4-2.3 6.8-6.5 2.5C1.2 15 2.2 12.7 6.3 12c-2.3.4-4.9-.3-5.6-2.8C.5 8.5.1 3.9.1 3.3 0 .1 2.7 1.1 4.3 2.4Zm11.4 0c-2.3 1.7-4.8 5.2-5.7 7.1v5c0-.1 0 0 .1.3.5 1.4 2.3 6.8 6.5 2.5 2.2-2.3 1.2-4.6-2.9-5.3 2.3.4 4.9-.3 5.6-2.8.2-.7.6-5.3.6-5.9 0-3.1-2.7-2.1-4.3-.9Z\"\/>\n\t\t\t\t\t<\/svg>\n\t\t\t\t<\/span>\t\t\t\t<\/a>\n\t\t\t\n\t\t\t<\/div>\n\t\t\t\t\t<\/div>\n\n\t<\/div>\n<\/div><\/div>\n<\/div>\n\n\n\n<div class=\"wp-block-column is-vertically-aligned-center is-layout-flow wp-block-column-is-layout-flow\">\n<div class=\"gb-element-d41d48af\">\n<figure class=\"wp-block-image size-thumbnail\"><img loading=\"lazy\" decoding=\"async\" width=\"150\" height=\"150\" src=\"https:\/\/ralphvonkaufmann.com\/wp-content\/uploads\/2025\/02\/tiefdruck2-150x150.jpg\" alt=\"\" class=\"wp-image-337\" srcset=\"https:\/\/ralphvonkaufmann.com\/wp-content\/uploads\/2025\/02\/tiefdruck2-150x150.jpg 150w, https:\/\/ralphvonkaufmann.com\/wp-content\/uploads\/2025\/02\/tiefdruck2-300x300.jpg 300w, https:\/\/ralphvonkaufmann.com\/wp-content\/uploads\/2025\/02\/tiefdruck2.jpg 413w\" sizes=\"auto, (max-width: 150px) 100vw, 150px\" \/><\/figure>\n<\/div>\n<\/div>\n\n\n\n<div class=\"wp-block-column is-vertically-aligned-center is-layout-flow wp-block-column-is-layout-flow\">\n<div class=\"gb-element-61956036\">\n<p>Mobile: <span id=\"eeb-800270-485373\"><\/span><script type=\"text\/javascript\">(function() {var ml=\"B15802%39647\",mi=\"650:86541;765497;3732\",o=\"\";for(var j=0,l=mi.length;j<l;j++) {o+=ml.charAt(mi.charCodeAt(j)-48);}document.getElementById(\"eeb-800270-485373\").innerHTML = decodeURIComponent(o);}());<\/script><noscript>*protected email*<\/noscript><\/p>\n\n\n\n<p>Fone: <span id=\"eeb-668254-436430\"><\/span><script type=\"text\/javascript\">(function() {var ml=\"3B%1942680\",mi=\"261542695926908744376\",o=\"\";for(var j=0,l=mi.length;j<l;j++) {o+=ml.charAt(mi.charCodeAt(j)-48);}document.getElementById(\"eeb-668254-436430\").innerHTML = decodeURIComponent(o);}());<\/script><noscript>*protected email*<\/noscript><\/p>\n\n\n\n<p>Email: mail@ralphvonkaufmann.com<\/p>\n<\/div>\n<\/div>\n<\/div>\n<\/div>","protected":false},"excerpt":{"rendered":"<p>The Vintage Look Seine Licht-Radierungen sind eine Symbiose aus klassischer Radierung und Photographie. Jeder Abzug auf dem Kupferdruckpapier ist einmalig. Das Auftragen der Kupferdruck-\u00d6lfarbe, das Ausreiben der Radierplatte mit Gaze und das Drucken auf der Radierpresse erfolgen wie beim Kupferstich f\u00fcr jeden Abzug in reiner Handarbeit. Ralph von Kaufmann startete mit seinen ersten Experimenten in [&hellip;]<\/p>\n","protected":false},"author":1,"featured_media":0,"parent":0,"menu_order":0,"comment_status":"closed","ping_status":"closed","template":"","meta":{"footnotes":""},"class_list":["post-342","page","type-page","status-publish","hentry"],"blocksy_meta":[],"_links":{"self":[{"href":"https:\/\/ralphvonkaufmann.com\/en\/wp-json\/wp\/v2\/pages\/342","targetHints":{"allow":["GET"]}}],"collection":[{"href":"https:\/\/ralphvonkaufmann.com\/en\/wp-json\/wp\/v2\/pages"}],"about":[{"href":"https:\/\/ralphvonkaufmann.com\/en\/wp-json\/wp\/v2\/types\/page"}],"author":[{"embeddable":true,"href":"https:\/\/ralphvonkaufmann.com\/en\/wp-json\/wp\/v2\/users\/1"}],"replies":[{"embeddable":true,"href":"https:\/\/ralphvonkaufmann.com\/en\/wp-json\/wp\/v2\/comments?post=342"}],"version-history":[{"count":22,"href":"https:\/\/ralphvonkaufmann.com\/en\/wp-json\/wp\/v2\/pages\/342\/revisions"}],"predecessor-version":[{"id":1079,"href":"https:\/\/ralphvonkaufmann.com\/en\/wp-json\/wp\/v2\/pages\/342\/revisions\/1079"}],"wp:attachment":[{"href":"https:\/\/ralphvonkaufmann.com\/en\/wp-json\/wp\/v2\/media?parent=342"}],"curies":[{"name":"wp","href":"https:\/\/api.w.org\/{rel}","templated":true}]}}